{"id":7,"date":"2023-11-28T19:54:07","date_gmt":"2023-11-28T19:54:07","guid":{"rendered":"https:\/\/hobidyr.info.tr\/?page_id=7"},"modified":"2023-11-28T19:54:07","modified_gmt":"2023-11-28T19:54:07","slug":"sepet","status":"publish","type":"page","link":"https:\/\/wpt.hobidyr.info.tr\/?page_id=7","title":{"rendered":"Sepet"},"content":{"rendered":"\n<div data-block-name=\"woocommerce\/cart\" class=\"wp-block-woocommerce-cart alignwide is-loading\">\n<div data-block-name=\"woocommerce\/filled-cart-block\" class=\"wp-block-woocommerce-filled-cart-block\">\n<div data-block-name=\"woocommerce\/cart-items-block\" class=\"wp-block-woocommerce-cart-items-block\">\n<div data-block-name=\"woocommerce\/cart-line-items-block\" class=\"wp-block-woocommerce-cart-line-items-block\"><\/div>\n\n\n\n<div data-block-name=\"woocommerce\/cart-cross-sells-block\" class=\"wp-block-woocommerce-cart-cross-sells-block\">\n<h2 class=\"wp-block-heading has-large-font-size\">\u0130lginizi \u00e7ekebilir\u2026<\/h2>\n\n\n\n<div data-block-name=\"woocommerce\/cart-cross-sells-products-block\" class=\"wp-block-woocommerce-cart-cross-sells-products-block\"><\/div>\n<\/div>\n<\/div>\n\n\n\n<div data-block-name=\"woocommerce\/cart-totals-block\" class=\"wp-block-woocommerce-cart-totals-block\">\n<div data-block-name=\"woocommerce\/cart-order-summary-block\" class=\"wp-block-woocommerce-cart-order-summary-block\">\n<div data-block-name=\"woocommerce\/cart-order-summary-heading-block\" class=\"wp-block-woocommerce-cart-order-summary-heading-block\"><\/div><div data-block-name=\"woocommerce\/cart-order-summary-coupon-form-block\" class=\"wp-block-woocommerce-cart-order-summary-coupon-form-block\"><\/div><div data-block-name=\"woocommerce\/cart-order-summary-totals-block\" class=\"wp-block-woocommerce-cart-order-summary-totals-block\">\n<div data-block-name=\"woocommerce\/cart-order-summary-subtotal-block\" class=\"wp-block-woocommerce-cart-order-summary-subtotal-block\"><\/div>\n<div data-block-name=\"woocommerce\/cart-order-summary-discount-block\" class=\"wp-block-woocommerce-cart-order-summary-discount-block\"><\/div>\n<div data-block-name=\"woocommerce\/cart-order-summary-fee-block\" class=\"wp-block-woocommerce-cart-order-summary-fee-block\"><\/div>\n<div data-block-name=\"woocommerce\/cart-order-summary-shipping-block\" class=\"wp-block-woocommerce-cart-order-summary-shipping-block\"><\/div>\n<div data-block-name=\"woocommerce\/cart-order-summary-taxes-block\" class=\"wp-block-woocommerce-cart-order-summary-taxes-block\"><\/div><\/div>\n<\/div>\n\n\n\n<div data-block-name=\"woocommerce\/cart-express-payment-block\" class=\"wp-block-woocommerce-cart-express-payment-block\"><\/div>\n\n\n\n<div data-block-name=\"woocommerce\/proceed-to-checkout-block\" class=\"wp-block-woocommerce-proceed-to-checkout-block\"><\/div>\n\n\n\n<div data-block-name=\"woocommerce\/cart-accepted-payment-methods-block\" class=\"wp-block-woocommerce-cart-accepted-payment-methods-block\"><\/div>\n<\/div>\n<\/div>\n\n\n\n<div data-block-name=\"woocommerce\/empty-cart-block\" class=\"wp-block-woocommerce-empty-cart-block\">\n<h2 class=\"wp-block-heading has-text-align-center with-empty-cart-icon wc-block-cart__empty-cart__title\">Sepetiniz \u015fu anda bo\u015f!<\/h2>\n\n\n\n<hr class=\"wp-block-separator has-alpha-channel-opacity is-style-dots\"\/>\n\n\n\n<h2 class=\"wp-block-heading has-text-align-center\">Ma\u011fazada yeni<\/h2>\n\n\n<\/div>\n<\/div>\n","protected":false},"excerpt":{"rendered":"","protected":false},"author":1,"featured_media":0,"parent":0,"menu_order":0,"comment_status":"closed","ping_status":"closed","template":"","meta":{"footnotes":""},"class_list":["post-7","page","type-page","status-publish","hentry"],"yoast_head":"<!-- This site is optimized with the Yoast SEO plugin v21.6 - https:\/\/yoast.com\/wordpress\/plugins\/seo\/ -->\n<title>Sepet - Hobi U\u011fra\u015f\u0131m El Eme\u011fim<\/title>\n<meta name=\"robots\" content=\"noindex, follow, max-snippet:-1, max-image-preview:large, max-video-preview:-1\" \/>\n<meta property=\"og:locale\" content=\"tr_TR\" \/>\n<meta property=\"og:type\" content=\"article\" \/>\n<meta property=\"og:title\" content=\"Sepet - Hobi U\u011fra\u015f\u0131m El Eme\u011fim\" \/>\n<meta property=\"og:url\" content=\"https:\/\/wpt.hobidyr.info.tr\/?page_id=7\" \/>\n<meta property=\"og:site_name\" content=\"Hobi U\u011fra\u015f\u0131m El Eme\u011fim\" \/>\n<meta name=\"twitter:card\" content=\"summary_large_image\" \/>\n<script type=\"application\/ld+json\" class=\"yoast-schema-graph\">{\"@context\":\"https:\/\/schema.org\",\"@graph\":[{\"@type\":\"WebPage\",\"@id\":\"https:\/\/wpt.hobidyr.info.tr\/?page_id=7\",\"url\":\"https:\/\/wpt.hobidyr.info.tr\/?page_id=7\",\"name\":\"Sepet - Hobi U\u011fra\u015f\u0131m El Eme\u011fim\",\"isPartOf\":{\"@id\":\"https:\/\/wpt.hobidyr.info.tr\/#website\"},\"datePublished\":\"2023-11-28T19:54:07+00:00\",\"dateModified\":\"2023-11-28T19:54:07+00:00\",\"breadcrumb\":{\"@id\":\"https:\/\/wpt.hobidyr.info.tr\/?page_id=7#breadcrumb\"},\"inLanguage\":\"tr\",\"potentialAction\":[{\"@type\":\"ReadAction\",\"target\":[\"https:\/\/wpt.hobidyr.info.tr\/?page_id=7\"]}]},{\"@type\":\"BreadcrumbList\",\"@id\":\"https:\/\/wpt.hobidyr.info.tr\/?page_id=7#breadcrumb\",\"itemListElement\":[{\"@type\":\"ListItem\",\"position\":1,\"name\":\"Anasayfa\",\"item\":\"https:\/\/wpt.hobidyr.info.tr\/\"},{\"@type\":\"ListItem\",\"position\":2,\"name\":\"Sepet\"}]},{\"@type\":\"WebSite\",\"@id\":\"https:\/\/wpt.hobidyr.info.tr\/#website\",\"url\":\"https:\/\/wpt.hobidyr.info.tr\/\",\"name\":\"Hobi U\u011fra\u015f\u0131m El Eme\u011fim\",\"description\":\"\",\"potentialAction\":[{\"@type\":\"SearchAction\",\"target\":{\"@type\":\"EntryPoint\",\"urlTemplate\":\"https:\/\/wpt.hobidyr.info.tr\/?s={search_term_string}\"},\"query-input\":\"required name=search_term_string\"}],\"inLanguage\":\"tr\"}]}<\/script>\n<!-- \/ Yoast SEO plugin. -->","yoast_head_json":{"title":"Sepet - Hobi U\u011fra\u015f\u0131m El Eme\u011fim","robots":{"index":"noindex","follow":"follow","max-snippet":"max-snippet:-1","max-image-preview":"max-image-preview:large","max-video-preview":"max-video-preview:-1"},"og_locale":"tr_TR","og_type":"article","og_title":"Sepet - Hobi U\u011fra\u015f\u0131m El Eme\u011fim","og_url":"https:\/\/wpt.hobidyr.info.tr\/?page_id=7","og_site_name":"Hobi U\u011fra\u015f\u0131m El Eme\u011fim","twitter_card":"summary_large_image","schema":{"@context":"https:\/\/schema.org","@graph":[{"@type":"WebPage","@id":"https:\/\/wpt.hobidyr.info.tr\/?page_id=7","url":"https:\/\/wpt.hobidyr.info.tr\/?page_id=7","name":"Sepet - Hobi U\u011fra\u015f\u0131m El Eme\u011fim","isPartOf":{"@id":"https:\/\/wpt.hobidyr.info.tr\/#website"},"datePublished":"2023-11-28T19:54:07+00:00","dateModified":"2023-11-28T19:54:07+00:00","breadcrumb":{"@id":"https:\/\/wpt.hobidyr.info.tr\/?page_id=7#breadcrumb"},"inLanguage":"tr","potentialAction":[{"@type":"ReadAction","target":["https:\/\/wpt.hobidyr.info.tr\/?page_id=7"]}]},{"@type":"BreadcrumbList","@id":"https:\/\/wpt.hobidyr.info.tr\/?page_id=7#breadcrumb","itemListElement":[{"@type":"ListItem","position":1,"name":"Anasayfa","item":"https:\/\/wpt.hobidyr.info.tr\/"},{"@type":"ListItem","position":2,"name":"Sepet"}]},{"@type":"WebSite","@id":"https:\/\/wpt.hobidyr.info.tr\/#website","url":"https:\/\/wpt.hobidyr.info.tr\/","name":"Hobi U\u011fra\u015f\u0131m El Eme\u011fim","description":"","potentialAction":[{"@type":"SearchAction","target":{"@type":"EntryPoint","urlTemplate":"https:\/\/wpt.hobidyr.info.tr\/?s={search_term_string}"},"query-input":"required name=search_term_string"}],"inLanguage":"tr"}]}},"_links":{"self":[{"href":"https:\/\/wpt.hobidyr.info.tr\/index.php?rest_route=\/wp\/v2\/pages\/7","targetHints":{"allow":["GET"]}}],"collection":[{"href":"https:\/\/wpt.hobidyr.info.tr\/index.php?rest_route=\/wp\/v2\/pages"}],"about":[{"href":"https:\/\/wpt.hobidyr.info.tr\/index.php?rest_route=\/wp\/v2\/types\/page"}],"author":[{"embeddable":true,"href":"https:\/\/wpt.hobidyr.info.tr\/index.php?rest_route=\/wp\/v2\/users\/1"}],"replies":[{"embeddable":true,"href":"https:\/\/wpt.hobidyr.info.tr\/index.php?rest_route=%2Fwp%2Fv2%2Fcomments&post=7"}],"version-history":[{"count":0,"href":"https:\/\/wpt.hobidyr.info.tr\/index.php?rest_route=\/wp\/v2\/pages\/7\/revisions"}],"wp:attachment":[{"href":"https:\/\/wpt.hobidyr.info.tr\/index.php?rest_route=%2Fwp%2Fv2%2Fmedia&parent=7"}],"curies":[{"name":"wp","href":"https:\/\/api.w.org\/{rel}","templated":true}]}}